{"id":110,"date":"2024-01-26T12:34:51","date_gmt":"2024-01-26T12:34:51","guid":{"rendered":"https:\/\/silberland-sondermaschinen.de\/1\/?page_id=110"},"modified":"2024-06-03T10:25:54","modified_gmt":"2024-06-03T10:25:54","slug":"foerdertechnik","status":"publish","type":"page","link":"https:\/\/silberland-sondermaschinen.de\/1\/index.php\/foerdertechnik\/","title":{"rendered":"F\u00f6rdertechnik im \u00dcberblick"},"content":{"rendered":"\n<p><strong>Schneckenf\u00f6rderer<\/strong><\/p>\n\n\n\n<p>&#8211; Trogschnecken <br>&#8211; Rohrschnecken <br>&#8211; Stopfschnecken <br>&#8211; Mischschnecken<\/p>\n\n\n\n<p>Alle Ausf\u00fchrungen f\u00fcr normale Bedingungen, aber auch f\u00fcr spezielle Einsatzf\u00e4lle wie:<br><br>&#8211; Hochtemperaturbereich<br>&#8211; Edelstahlausf\u00fchrung<br>&#8211; Reinraum<br>&#8211; Lebensmittelbereich<br>&#8211; medizinische Produkte<\/p>\n\n\n\n<figure class=\"wp-block-gallery has-nested-images columns-default is-cropped wp-block-gallery-1 is-layout-flex wp-block-gallery-is-layout-flex\">\n<figure class=\"wp-block-image size-large\"><img loading=\"lazy\" decoding=\"async\" width=\"1024\" height=\"768\" data-id=\"184\" src=\"https:\/\/silberland-sondermaschinen.de\/1\/wp-content\/uploads\/2024\/02\/Silberland_Erzgebirge_04-1024x768.jpg\" alt=\"\" class=\"wp-image-184\" srcset=\"https:\/\/silberland-sondermaschinen.de\/1\/wp-content\/uploads\/2024\/02\/Silberland_Erzgebirge_04-1024x768.jpg 1024w, https:\/\/silberland-sondermaschinen.de\/1\/wp-content\/uploads\/2024\/02\/Silberland_Erzgebirge_04-300x225.jpg 300w, https:\/\/silberland-sondermaschinen.de\/1\/wp-content\/uploads\/2024\/02\/Silberland_Erzgebirge_04-768x576.jpg 768w, https:\/\/silberland-sondermaschinen.de\/1\/wp-content\/uploads\/2024\/02\/Silberland_Erzgebirge_04-1536x1152.jpg 1536w, https:\/\/silberland-sondermaschinen.de\/1\/wp-content\/uploads\/2024\/02\/Silberland_Erzgebirge_04-2048x1536.jpg 2048w, https:\/\/silberland-sondermaschinen.de\/1\/wp-content\/uploads\/2024\/02\/Silberland_Erzgebirge_04-570x428.jpg 570w\" sizes=\"auto, (max-width: 1024px) 100vw, 1024px\" \/><\/figure>\n\n\n\n<figure class=\"wp-block-image size-large\"><img loading=\"lazy\" decoding=\"async\" width=\"1024\" height=\"768\" data-id=\"180\" src=\"https:\/\/silberland-sondermaschinen.de\/1\/wp-content\/uploads\/2024\/02\/Silberland_Erzgebirge_07-1024x768.jpg\" alt=\"\" class=\"wp-image-180\" srcset=\"https:\/\/silberland-sondermaschinen.de\/1\/wp-content\/uploads\/2024\/02\/Silberland_Erzgebirge_07-1024x768.jpg 1024w, https:\/\/silberland-sondermaschinen.de\/1\/wp-content\/uploads\/2024\/02\/Silberland_Erzgebirge_07-300x225.jpg 300w, https:\/\/silberland-sondermaschinen.de\/1\/wp-content\/uploads\/2024\/02\/Silberland_Erzgebirge_07-768x576.jpg 768w, https:\/\/silberland-sondermaschinen.de\/1\/wp-content\/uploads\/2024\/02\/Silberland_Erzgebirge_07-1536x1152.jpg 1536w, https:\/\/silberland-sondermaschinen.de\/1\/wp-content\/uploads\/2024\/02\/Silberland_Erzgebirge_07-2048x1536.jpg 2048w, https:\/\/silberland-sondermaschinen.de\/1\/wp-content\/uploads\/2024\/02\/Silberland_Erzgebirge_07-570x428.jpg 570w\" sizes=\"auto, (max-width: 1024px) 100vw, 1024px\" \/><\/figure>\n\n\n\n<figure class=\"wp-block-image size-large\"><img loading=\"lazy\" decoding=\"async\" width=\"768\" height=\"1024\" data-id=\"243\" src=\"https:\/\/silberland-sondermaschinen.de\/1\/wp-content\/uploads\/2024\/06\/Kettengurtfoerderer-768x1024.jpg\" alt=\"\" class=\"wp-image-243\" srcset=\"https:\/\/silberland-sondermaschinen.de\/1\/wp-content\/uploads\/2024\/06\/Kettengurtfoerderer-768x1023.jpg 768w, https:\/\/silberland-sondermaschinen.de\/1\/wp-content\/uploads\/2024\/06\/Kettengurtfoerderer-225x300.jpg 225w, https:\/\/silberland-sondermaschinen.de\/1\/wp-content\/uploads\/2024\/06\/Kettengurtfoerderer-1153x1536.jpg 1153w, https:\/\/silberland-sondermaschinen.de\/1\/wp-content\/uploads\/2024\/06\/Kettengurtfoerderer-570x760.jpg 570w, https:\/\/silberland-sondermaschinen.de\/1\/wp-content\/uploads\/2024\/06\/Kettengurtfoerderer.jpg 1200w\" sizes=\"auto, (max-width: 768px) 100vw, 768px\" \/><\/figure>\n<\/figure>\n\n\n\n<p><\/p>\n\n\n\n<p><strong>Bandf\u00f6rderer &amp; Kettenf\u00f6rderer <\/strong><\/p>\n\n\n\n<p>&#8211; Gleitgurtf\u00f6rderer <br>&#8211; Rollengurtf\u00f6rderer <br>&#8211; Wellkantenf\u00f6rderer <br>&#8211; Montageb\u00e4nder <br>&#8211; Spezialb\u00e4nder (K\u00fchlb\u00e4nder-, Hei\u00dfgutf\u00f6rderer und Stahlgliedergurtb\u00e4nder)<\/p>\n\n\n\n<p>&#8211; Rollenbahnen<br>&#8211; Ketten &amp; Riemenf\u00f6rderer <br>&#8211; H\u00e4ngef\u00f6rderer <br>&#8211; Kettengurtf\u00f6rderer<br>&#8211; Kreisf\u00f6rderer<br>&#8211; Trockenb\u00e4nder<br>&#8211; Becherwerke<\/p>\n\n\n\n<p>Gleitend und rollend, leichte bis schwerste Ausf\u00fchrung<br>Bis zu einer Breite von 3000 mm, L\u00e4nge entsprechend Erfordernis<\/p>\n\n\n\n<figure class=\"wp-block-gallery has-nested-images columns-default is-cropped wp-block-gallery-2 is-layout-flex wp-block-gallery-is-layout-flex\">\n<figure class=\"wp-block-image size-large\"><img loading=\"lazy\" decoding=\"async\" width=\"1024\" height=\"768\" data-id=\"196\" src=\"https:\/\/silberland-sondermaschinen.de\/1\/wp-content\/uploads\/2024\/02\/Silberland_Erzgebirge_09-1024x768.jpg\" alt=\"\" class=\"wp-image-196\" srcset=\"https:\/\/silberland-sondermaschinen.de\/1\/wp-content\/uploads\/2024\/02\/Silberland_Erzgebirge_09-1024x768.jpg 1024w, https:\/\/silberland-sondermaschinen.de\/1\/wp-content\/uploads\/2024\/02\/Silberland_Erzgebirge_09-300x225.jpg 300w, https:\/\/silberland-sondermaschinen.de\/1\/wp-content\/uploads\/2024\/02\/Silberland_Erzgebirge_09-768x576.jpg 768w, https:\/\/silberland-sondermaschinen.de\/1\/wp-content\/uploads\/2024\/02\/Silberland_Erzgebirge_09-1536x1152.jpg 1536w, https:\/\/silberland-sondermaschinen.de\/1\/wp-content\/uploads\/2024\/02\/Silberland_Erzgebirge_09-570x428.jpg 570w, https:\/\/silberland-sondermaschinen.de\/1\/wp-content\/uploads\/2024\/02\/Silberland_Erzgebirge_09.jpg 1600w\" sizes=\"auto, (max-width: 1024px) 100vw, 1024px\" \/><\/figure>\n\n\n\n<figure class=\"wp-block-image size-large\"><img loading=\"lazy\" decoding=\"async\" width=\"1024\" height=\"768\" data-id=\"195\" src=\"https:\/\/silberland-sondermaschinen.de\/1\/wp-content\/uploads\/2024\/02\/Silberland_Erzgebirge_05-1-1024x768.jpg\" alt=\"\" class=\"wp-image-195\" srcset=\"https:\/\/silberland-sondermaschinen.de\/1\/wp-content\/uploads\/2024\/02\/Silberland_Erzgebirge_05-1-1024x768.jpg 1024w, https:\/\/silberland-sondermaschinen.de\/1\/wp-content\/uploads\/2024\/02\/Silberland_Erzgebirge_05-1-300x225.jpg 300w, https:\/\/silberland-sondermaschinen.de\/1\/wp-content\/uploads\/2024\/02\/Silberland_Erzgebirge_05-1-768x576.jpg 768w, https:\/\/silberland-sondermaschinen.de\/1\/wp-content\/uploads\/2024\/02\/Silberland_Erzgebirge_05-1-1536x1152.jpg 1536w, https:\/\/silberland-sondermaschinen.de\/1\/wp-content\/uploads\/2024\/02\/Silberland_Erzgebirge_05-1-2048x1536.jpg 2048w, https:\/\/silberland-sondermaschinen.de\/1\/wp-content\/uploads\/2024\/02\/Silberland_Erzgebirge_05-1-570x428.jpg 570w\" sizes=\"auto, (max-width: 1024px) 100vw, 1024px\" \/><\/figure>\n\n\n\n<figure class=\"wp-block-image size-large\"><img loading=\"lazy\" decoding=\"async\" width=\"1024\" height=\"768\" data-id=\"194\" src=\"https:\/\/silberland-sondermaschinen.de\/1\/wp-content\/uploads\/2024\/02\/Silberland_Erzgebirge_06-1-1024x768.jpg\" alt=\"\" class=\"wp-image-194\" srcset=\"https:\/\/silberland-sondermaschinen.de\/1\/wp-content\/uploads\/2024\/02\/Silberland_Erzgebirge_06-1-1024x768.jpg 1024w, https:\/\/silberland-sondermaschinen.de\/1\/wp-content\/uploads\/2024\/02\/Silberland_Erzgebirge_06-1-300x225.jpg 300w, https:\/\/silberland-sondermaschinen.de\/1\/wp-content\/uploads\/2024\/02\/Silberland_Erzgebirge_06-1-768x576.jpg 768w, https:\/\/silberland-sondermaschinen.de\/1\/wp-content\/uploads\/2024\/02\/Silberland_Erzgebirge_06-1-1536x1152.jpg 1536w, https:\/\/silberland-sondermaschinen.de\/1\/wp-content\/uploads\/2024\/02\/Silberland_Erzgebirge_06-1-2048x1536.jpg 2048w, https:\/\/silberland-sondermaschinen.de\/1\/wp-content\/uploads\/2024\/02\/Silberland_Erzgebirge_06-1-570x428.jpg 570w\" sizes=\"auto, (max-width: 1024px) 100vw, 1024px\" \/><\/figure>\n<\/figure>\n\n\n\n<p><\/p>\n","protected":false},"excerpt":{"rendered":"<p>Schneckenf\u00f6rderer &#8211; Trogschnecken &#8211; Rohrschnecken &#8211; Stopfschnecken &#8211; Mischschnecken Alle Ausf\u00fchrungen f\u00fcr normale Bedingungen, aber auch f\u00fcr spezielle Einsatzf\u00e4lle wie: &#8211; Hochtemperaturbereich&#8211; Edelstahlausf\u00fchrung&#8211; Reinraum&#8211; Lebensmittelbereich&#8211; medizinische Produkte Bandf\u00f6rderer &amp; Kettenf\u00f6rderer &#8211; Gleitgurtf\u00f6rderer &#8211; Rollengurtf\u00f6rderer &#8211; Wellkantenf\u00f6rderer &#8211; Montageb\u00e4nder &#8211; Spezialb\u00e4nder (K\u00fchlb\u00e4nder-, Hei\u00dfgutf\u00f6rderer und Stahlgliedergurtb\u00e4nder) &#8211; Rollenbahnen&#8211; Ketten &amp; Riemenf\u00f6rderer &#8211; H\u00e4ngef\u00f6rderer &#8211; Kettengurtf\u00f6rderer&#8211; Kreisf\u00f6rderer&#8211; Trockenb\u00e4nder&#8211; [&hellip;]<\/p>\n","protected":false},"author":1,"featured_media":167,"parent":0,"menu_order":0,"comment_status":"closed","ping_status":"closed","template":"","meta":{"footnotes":""},"class_list":["post-110","page","type-page","status-publish","has-post-thumbnail","czr-hentry"],"_links":{"self":[{"href":"https:\/\/silberland-sondermaschinen.de\/1\/index.php\/wp-json\/wp\/v2\/pages\/110","targetHints":{"allow":["GET"]}}],"collection":[{"href":"https:\/\/silberland-sondermaschinen.de\/1\/index.php\/wp-json\/wp\/v2\/pages"}],"about":[{"href":"https:\/\/silberland-sondermaschinen.de\/1\/index.php\/wp-json\/wp\/v2\/types\/page"}],"author":[{"embeddable":true,"href":"https:\/\/silberland-sondermaschinen.de\/1\/index.php\/wp-json\/wp\/v2\/users\/1"}],"replies":[{"embeddable":true,"href":"https:\/\/silberland-sondermaschinen.de\/1\/index.php\/wp-json\/wp\/v2\/comments?post=110"}],"version-history":[{"count":13,"href":"https:\/\/silberland-sondermaschinen.de\/1\/index.php\/wp-json\/wp\/v2\/pages\/110\/revisions"}],"predecessor-version":[{"id":244,"href":"https:\/\/silberland-sondermaschinen.de\/1\/index.php\/wp-json\/wp\/v2\/pages\/110\/revisions\/244"}],"wp:featuredmedia":[{"embeddable":true,"href":"https:\/\/silberland-sondermaschinen.de\/1\/index.php\/wp-json\/wp\/v2\/media\/167"}],"wp:attachment":[{"href":"https:\/\/silberland-sondermaschinen.de\/1\/index.php\/wp-json\/wp\/v2\/media?parent=110"}],"curies":[{"name":"wp","href":"https:\/\/api.w.org\/{rel}","templated":true}]}}