{"id":21,"date":"2024-01-26T08:36:35","date_gmt":"2024-01-26T08:36:35","guid":{"rendered":"https:\/\/silberland-sondermaschinen.de\/1\/?page_id=21"},"modified":"2026-02-16T14:10:32","modified_gmt":"2026-02-16T14:10:32","slug":"vulkanisation","status":"publish","type":"page","link":"https:\/\/silberland-sondermaschinen.de\/1\/index.php\/vulkanisation\/","title":{"rendered":"Vulkanisation"},"content":{"rendered":"\n<ul class=\"wp-block-list\">\n<li>Auslegung, Herstellung und Konfektionierung von F\u00f6rdergurten aus Gummi und PVC in verschiedenen Ausf\u00fchrungen, u. a. glatt, mit L\u00e4ngs- oder Querprofilen (geschraubt oder geklebt)<\/li>\n\n\n\n<li>Normalqualit\u00e4t, \u00f6l- und fettbest\u00e4ndig oder lebensmittelecht<\/li>\n\n\n\n<li>Hei\u00df- und Kaltverbindungen<\/li>\n\n\n\n<li>Mechanische Gurtverbinder<\/li>\n\n\n\n<li>Geschraubte Gurtverbindungen<\/li>\n\n\n\n<li>Gummierung von Trommeln und anderen Fl\u00e4chen mit unterschiedlichsten Bel\u00e4gen<\/li>\n\n\n\n<li>Verschlei\u00dfschutzauskleidungen<\/li>\n\n\n\n<li>Seitenf\u00fchrungsgummi, Gummivorh\u00e4nge<\/li>\n<\/ul>\n\n\n\n<figure class=\"wp-block-gallery has-nested-images columns-default is-cropped wp-block-gallery-1 is-layout-flex wp-block-gallery-is-layout-flex\">\n<figure class=\"wp-block-image size-large\"><img loading=\"lazy\" decoding=\"async\" width=\"1024\" height=\"768\" data-id=\"219\" src=\"https:\/\/silberland-sondermaschinen.de\/1\/wp-content\/uploads\/2024\/03\/Vulkanisation-1024x768.jpg\" alt=\"\" class=\"wp-image-219\" srcset=\"https:\/\/silberland-sondermaschinen.de\/1\/wp-content\/uploads\/2024\/03\/Vulkanisation-1024x768.jpg 1024w, https:\/\/silberland-sondermaschinen.de\/1\/wp-content\/uploads\/2024\/03\/Vulkanisation-300x225.jpg 300w, https:\/\/silberland-sondermaschinen.de\/1\/wp-content\/uploads\/2024\/03\/Vulkanisation-768x576.jpg 768w, https:\/\/silberland-sondermaschinen.de\/1\/wp-content\/uploads\/2024\/03\/Vulkanisation-1536x1152.jpg 1536w, https:\/\/silberland-sondermaschinen.de\/1\/wp-content\/uploads\/2024\/03\/Vulkanisation-570x428.jpg 570w, https:\/\/silberland-sondermaschinen.de\/1\/wp-content\/uploads\/2024\/03\/Vulkanisation.jpg 1600w\" sizes=\"auto, (max-width: 1024px) 100vw, 1024px\" \/><\/figure>\n\n\n\n<figure class=\"wp-block-image size-large\"><img loading=\"lazy\" decoding=\"async\" width=\"986\" height=\"718\" data-id=\"166\" src=\"https:\/\/silberland-sondermaschinen.de\/1\/wp-content\/uploads\/2024\/01\/Vulkanistation_dqm_kl.jpg\" alt=\"\" class=\"wp-image-166\" srcset=\"https:\/\/silberland-sondermaschinen.de\/1\/wp-content\/uploads\/2024\/01\/Vulkanistation_dqm_kl.jpg 986w, https:\/\/silberland-sondermaschinen.de\/1\/wp-content\/uploads\/2024\/01\/Vulkanistation_dqm_kl-300x218.jpg 300w, https:\/\/silberland-sondermaschinen.de\/1\/wp-content\/uploads\/2024\/01\/Vulkanistation_dqm_kl-768x559.jpg 768w, https:\/\/silberland-sondermaschinen.de\/1\/wp-content\/uploads\/2024\/01\/Vulkanistation_dqm_kl-570x415.jpg 570w\" sizes=\"auto, (max-width: 986px) 100vw, 986px\" \/><\/figure>\n<\/figure>\n","protected":false},"excerpt":{"rendered":"","protected":false},"author":1,"featured_media":166,"parent":0,"menu_order":0,"comment_status":"closed","ping_status":"closed","template":"","meta":{"footnotes":""},"class_list":["post-21","page","type-page","status-publish","has-post-thumbnail","czr-hentry"],"_links":{"self":[{"href":"https:\/\/silberland-sondermaschinen.de\/1\/index.php\/wp-json\/wp\/v2\/pages\/21","targetHints":{"allow":["GET"]}}],"collection":[{"href":"https:\/\/silberland-sondermaschinen.de\/1\/index.php\/wp-json\/wp\/v2\/pages"}],"about":[{"href":"https:\/\/silberland-sondermaschinen.de\/1\/index.php\/wp-json\/wp\/v2\/types\/page"}],"author":[{"embeddable":true,"href":"https:\/\/silberland-sondermaschinen.de\/1\/index.php\/wp-json\/wp\/v2\/users\/1"}],"replies":[{"embeddable":true,"href":"https:\/\/silberland-sondermaschinen.de\/1\/index.php\/wp-json\/wp\/v2\/comments?post=21"}],"version-history":[{"count":8,"href":"https:\/\/silberland-sondermaschinen.de\/1\/index.php\/wp-json\/wp\/v2\/pages\/21\/revisions"}],"predecessor-version":[{"id":339,"href":"https:\/\/silberland-sondermaschinen.de\/1\/index.php\/wp-json\/wp\/v2\/pages\/21\/revisions\/339"}],"wp:featuredmedia":[{"embeddable":true,"href":"https:\/\/silberland-sondermaschinen.de\/1\/index.php\/wp-json\/wp\/v2\/media\/166"}],"wp:attachment":[{"href":"https:\/\/silberland-sondermaschinen.de\/1\/index.php\/wp-json\/wp\/v2\/media?parent=21"}],"curies":[{"name":"wp","href":"https:\/\/api.w.org\/{rel}","templated":true}]}}