{"id":23,"date":"2024-01-26T08:48:20","date_gmt":"2024-01-26T08:48:20","guid":{"rendered":"https:\/\/silberland-sondermaschinen.de\/1\/?page_id=23"},"modified":"2024-05-06T13:16:49","modified_gmt":"2024-05-06T13:16:49","slug":"unternehmen","status":"publish","type":"page","link":"https:\/\/silberland-sondermaschinen.de\/1\/index.php\/unternehmen\/","title":{"rendered":"Unternehmen"},"content":{"rendered":"<div class=\"wp-block-image\">\n<figure class=\"alignright size-full\"><img loading=\"lazy\" decoding=\"async\" width=\"200\" height=\"112\" src=\"https:\/\/silberland-sondermaschinen.de\/1\/wp-content\/uploads\/2024\/01\/halle6.jpg\" alt=\"\" class=\"wp-image-95\"\/><\/figure>\n<\/div>\n\n\n<p>Die Gr\u00fcndung unseres mittelst\u00e4ndischen Unternehmen erfolgte im Februar 2000. Unser Unternehmen plant, konstruiert, fertigt, liefert und montiert f\u00f6rdertechnische Anlagen und Ausr\u00fcstungen f\u00fcr Sch\u00fctt- und St\u00fcckg\u00fcter jeglicher Art sowie Sondermaschinen und Sonderkonstruktionen nach Kundenwunsch im eigenen Haus. <\/p>\n\n\n\n<p>Alle Anlagen liefern wir komplett mit Steuereinrichtungen bzw. auch Teile oder Einzelkomponenten davon. <\/p>\n\n\n<div class=\"wp-block-image\">\n<figure class=\"alignright size-full\"><img loading=\"lazy\" decoding=\"async\" width=\"200\" height=\"112\" src=\"https:\/\/silberland-sondermaschinen.de\/1\/wp-content\/uploads\/2024\/01\/halle2.jpg\" alt=\"\" class=\"wp-image-96\"\/><\/figure>\n<\/div>\n\n\n<p>Wir sind Schwei\u00dffachbetrieb nach DIN EN 1090 und zertifiziert nach ISO 9001: 2015 mit Produktentwicklung. Die Silberland Sondermaschinen und F\u00f6rdertechnik GmbH ist ein Ausbildungsbetrieb zum Feinwerkmechaniker\/in, Fachrichtung Maschinenbau, Industriemechaniker\/in, Fachrichtung Maschinen- und Anlagenbau und zum Zerspanungsmechaniker\/in.<\/p>\n\n\n\n<p>Unsere qualifizierten Mitarbeiter\/in mit langer Erfahrung, unterst\u00fctzt von einer CAD-gef\u00fchrten Konstruktion, sind stets bestrebt, <br>W\u00fcnsche und Anforderungen unserer Kunden in hoher Qualit\u00e4t und termintreu zu erf\u00fcllen.<\/p>\n\n\n<div class=\"wp-block-image\">\n<figure class=\"alignright size-full is-resized\"><img loading=\"lazy\" decoding=\"async\" width=\"200\" height=\"112\" src=\"https:\/\/silberland-sondermaschinen.de\/1\/wp-content\/uploads\/2024\/01\/halle3.jpg\" alt=\"\" class=\"wp-image-97\" style=\"width:200px;height:auto\"\/><\/figure>\n<\/div>\n\n\n<p>Ihre Anfragen und W\u00fcnsche nehmen wir auch gern in Ihrem Haus auf. Wir w\u00fcrden uns freuen, wenn Sie uns Gelegenheit geben w\u00fcrden, Sie von unserer fachm\u00e4nnischen Arbeit zu \u00fcberzeugen. Es erwartet Sie ein kompetentes, freundliches Team.<\/p>\n\n\n\n<p>Eine einwandfreie Realisierung Ihrer Auftr\u00e4ge sichern wir Ihnen schon jetzt zu.<\/p>\n\n\n\n<h2 class=\"wp-block-heading\">Sponsoring<\/h2>\n\n\n\n<p>Seit nunmehr 13 Jahren sind wir Sponsor der Thumer Werfertage. Ein Event, dass uns pers\u00f6nlich am Herzen liegt und wir gerne auch weiterhin unterst\u00fctzen m\u00f6chten.<\/p>\n\n\n\n<p class=\"has-text-align-center\"><img loading=\"lazy\" decoding=\"async\" width=\"400\" height=\"271\" class=\"wp-image-101\" style=\"width: 400px;\" src=\"https:\/\/silberland-sondermaschinen.de\/1\/wp-content\/uploads\/2024\/01\/werfertag2016_1.jpg\" alt=\"\" srcset=\"https:\/\/silberland-sondermaschinen.de\/1\/wp-content\/uploads\/2024\/01\/werfertag2016_1.jpg 369w, https:\/\/silberland-sondermaschinen.de\/1\/wp-content\/uploads\/2024\/01\/werfertag2016_1-300x203.jpg 300w\" sizes=\"auto, (max-width: 400px) 100vw, 400px\" \/>   <img loading=\"lazy\" decoding=\"async\" width=\"415\" height=\"272\" class=\"wp-image-102\" style=\"width: 415px;\" src=\"https:\/\/silberland-sondermaschinen.de\/1\/wp-content\/uploads\/2024\/01\/werfertag2016_2.jpg\" alt=\"\" srcset=\"https:\/\/silberland-sondermaschinen.de\/1\/wp-content\/uploads\/2024\/01\/werfertag2016_2.jpg 382w, https:\/\/silberland-sondermaschinen.de\/1\/wp-content\/uploads\/2024\/01\/werfertag2016_2-300x196.jpg 300w\" sizes=\"auto, (max-width: 415px) 100vw, 415px\" \/><\/p>\n","protected":false},"excerpt":{"rendered":"<p>Die Gr\u00fcndung unseres mittelst\u00e4ndischen Unternehmen erfolgte im Februar 2000. Unser Unternehmen plant, konstruiert, fertigt, liefert und montiert f\u00f6rdertechnische Anlagen und Ausr\u00fcstungen f\u00fcr Sch\u00fctt- und St\u00fcckg\u00fcter jeglicher Art sowie Sondermaschinen und Sonderkonstruktionen nach Kundenwunsch im eigenen Haus. Alle Anlagen liefern wir komplett mit Steuereinrichtungen bzw. auch Teile oder Einzelkomponenten davon. Wir sind Schwei\u00dffachbetrieb nach DIN EN [&hellip;]<\/p>\n","protected":false},"author":1,"featured_media":0,"parent":0,"menu_order":0,"comment_status":"closed","ping_status":"closed","template":"","meta":{"footnotes":""},"class_list":["post-23","page","type-page","status-publish","czr-hentry"],"_links":{"self":[{"href":"https:\/\/silberland-sondermaschinen.de\/1\/index.php\/wp-json\/wp\/v2\/pages\/23","targetHints":{"allow":["GET"]}}],"collection":[{"href":"https:\/\/silberland-sondermaschinen.de\/1\/index.php\/wp-json\/wp\/v2\/pages"}],"about":[{"href":"https:\/\/silberland-sondermaschinen.de\/1\/index.php\/wp-json\/wp\/v2\/types\/page"}],"author":[{"embeddable":true,"href":"https:\/\/silberland-sondermaschinen.de\/1\/index.php\/wp-json\/wp\/v2\/users\/1"}],"replies":[{"embeddable":true,"href":"https:\/\/silberland-sondermaschinen.de\/1\/index.php\/wp-json\/wp\/v2\/comments?post=23"}],"version-history":[{"count":14,"href":"https:\/\/silberland-sondermaschinen.de\/1\/index.php\/wp-json\/wp\/v2\/pages\/23\/revisions"}],"predecessor-version":[{"id":241,"href":"https:\/\/silberland-sondermaschinen.de\/1\/index.php\/wp-json\/wp\/v2\/pages\/23\/revisions\/241"}],"wp:attachment":[{"href":"https:\/\/silberland-sondermaschinen.de\/1\/index.php\/wp-json\/wp\/v2\/media?parent=23"}],"curies":[{"name":"wp","href":"https:\/\/api.w.org\/{rel}","templated":true}]}}