{"id":86,"date":"2024-01-26T12:11:52","date_gmt":"2024-01-26T12:11:52","guid":{"rendered":"https:\/\/silberland-sondermaschinen.de\/1\/?page_id=86"},"modified":"2025-04-14T12:55:44","modified_gmt":"2025-04-14T12:55:44","slug":"kontakt","status":"publish","type":"page","link":"https:\/\/silberland-sondermaschinen.de\/1\/index.php\/kontakt\/","title":{"rendered":"Kontakt"},"content":{"rendered":"\n<p><strong>Silberland Sondermaschinen und F\u00f6rdertechnik GmbH<\/strong><br>Stra\u00dfe der Freundschaft 146<br>09419 Thum OT Jahnsbach<br>Deutschland<\/p>\n\n\n<div class=\"wp-block-image is-style-default animated backInUp\">\n<figure class=\"alignright size-full\"><img loading=\"lazy\" decoding=\"async\" width=\"580\" height=\"525\" src=\"https:\/\/silberland-sondermaschinen.de\/1\/wp-content\/uploads\/2024\/01\/karte_kompl.gif\" alt=\"\" class=\"wp-image-98\"\/><\/figure>\n<\/div>\n\n\n<p>Gern k\u00f6nnen Sie uns eine Nachricht hinterlassen oder Besuchen <\/p>\n\n\n\n<p class=\"has-text-align-left\">Tel.: +49 37297 \/ 8400<br>Fax: +49 37297 \/ 84010<\/p>\n\n\n\n<p class=\"has-text-align-left\">Email: info@silberland-sondermaschinen.de<br><\/p>\n\n\n\n<div class=\"wp-block-contact-form-7-contact-form-selector\">\n<div class=\"wpcf7 no-js\" id=\"wpcf7-f85-o1\" lang=\"de-DE\" dir=\"ltr\" data-wpcf7-id=\"85\">\n<div class=\"screen-reader-response\"><p role=\"status\" aria-live=\"polite\" aria-atomic=\"true\"><\/p> <ul><\/ul><\/div>\n<form action=\"\/1\/index.php\/wp-json\/wp\/v2\/pages\/86#wpcf7-f85-o1\" method=\"post\" class=\"wpcf7-form init\" aria-label=\"Kontaktformular\" novalidate=\"novalidate\" data-status=\"init\">\n<fieldset class=\"hidden-fields-container\"><input type=\"hidden\" name=\"_wpcf7\" value=\"85\" \/><input type=\"hidden\" name=\"_wpcf7_version\" value=\"6.1.5\" \/><input type=\"hidden\" name=\"_wpcf7_locale\" value=\"de_DE\" \/><input type=\"hidden\" name=\"_wpcf7_unit_tag\" value=\"wpcf7-f85-o1\" \/><input type=\"hidden\" name=\"_wpcf7_container_post\" value=\"0\" \/><input type=\"hidden\" name=\"_wpcf7_posted_data_hash\" value=\"\" \/>\n<\/fieldset>\n<p><label> Dein Name<br \/>\n<span class=\"wpcf7-form-control-wrap\" data-name=\"your-name\"><input size=\"40\" maxlength=\"400\" class=\"wpcf7-form-control wpcf7-text wpcf7-validates-as-required\" autocomplete=\"name\" aria-required=\"true\" aria-invalid=\"false\" value=\"\" type=\"text\" name=\"your-name\" \/><\/span> <\/label>\n<\/p>\n<p><label> Deine E-Mail-Adresse<br \/>\n<span class=\"wpcf7-form-control-wrap\" data-name=\"your-email\"><input size=\"40\" maxlength=\"400\" class=\"wpcf7-form-control wpcf7-email wpcf7-validates-as-required wpcf7-text wpcf7-validates-as-email\" autocomplete=\"email\" aria-required=\"true\" aria-invalid=\"false\" value=\"\" type=\"email\" name=\"your-email\" \/><\/span> <\/label>\n<\/p>\n<p><label> Betreff<br \/>\n<span class=\"wpcf7-form-control-wrap\" data-name=\"your-subject\"><input size=\"40\" maxlength=\"400\" class=\"wpcf7-form-control wpcf7-text wpcf7-validates-as-required\" aria-required=\"true\" aria-invalid=\"false\" value=\"\" type=\"text\" name=\"your-subject\" \/><\/span> <\/label>\n<\/p>\n<p><label> Nachricht (optional)<br \/>\n<span class=\"wpcf7-form-control-wrap\" data-name=\"your-message\"><textarea cols=\"40\" rows=\"10\" maxlength=\"2000\" class=\"wpcf7-form-control wpcf7-textarea\" aria-invalid=\"false\" name=\"your-message\"><\/textarea><\/span> <\/label>\n<\/p>\n<p><span class=\"wpcf7-form-control-wrap\" data-name=\"acceptance-193\"><span class=\"wpcf7-form-control wpcf7-acceptance\"><span class=\"wpcf7-list-item\"><input type=\"checkbox\" name=\"acceptance-193\" value=\"1\" aria-invalid=\"false\" \/><\/span><\/span><\/span> Ich willige ein, dass diese Website meine \u00fcbermittelten Informationen speichert, sodass meine Anfrage beantwortet werden kann.\n<\/p>\n<p><label> Sicherheit<br \/>\n<span class=\"wpcf7-form-control-wrap\" data-name=\"hcap-cf7\">\t\t<input\n\t\t\t\ttype=\"hidden\"\n\t\t\t\tclass=\"hcaptcha-widget-id\"\n\t\t\t\tname=\"hcaptcha-widget-id\"\n\t\t\t\tvalue=\"eyJzb3VyY2UiOlsiY29udGFjdC1mb3JtLTdcL3dwLWNvbnRhY3QtZm9ybS03LnBocCJdLCJmb3JtX2lkIjowfQ==-dcf40ba7adcec76cfec1100d3a5a46d6\">\n\t\t\t\t<span id=\"hcap_cf7-69e4a775e157e9.90826141\" class=\"wpcf7-form-control h-captcha \"\n\t\t\tdata-sitekey=\"ad08f8ac-c9c8-4f4c-937a-7e8c1420ca2c\"\n\t\t\tdata-theme=\"light\"\n\t\t\tdata-size=\"normal\"\n\t\t\tdata-auto=\"false\"\n\t\t\tdata-ajax=\"false\"\n\t\t\tdata-force=\"false\">\n\t\t<\/span>\n\t\t<input type=\"hidden\" id=\"_wpnonce\" name=\"_wpnonce\" value=\"f036e07f04\" \/><input type=\"hidden\" name=\"_wp_http_referer\" value=\"\/1\/index.php\/wp-json\/wp\/v2\/pages\/86\" \/><\/span><input class=\"wpcf7-form-control wpcf7-submit has-spinner\" type=\"submit\" value=\"Senden\" \/><\/label>\n<\/p><div class=\"wpcf7-response-output\" aria-hidden=\"true\"><\/div>\n<\/form>\n<\/div>\n<\/div>\n","protected":false},"excerpt":{"rendered":"<p>Silberland Sondermaschinen und F\u00f6rdertechnik GmbHStra\u00dfe der Freundschaft 14609419 Thum OT JahnsbachDeutschland Gern k\u00f6nnen Sie uns eine Nachricht hinterlassen oder Besuchen Tel.: +49 37297 \/ 8400Fax: +49 37297 \/ 84010 Email: info@silberland-sondermaschinen.de<\/p>\n","protected":false},"author":1,"featured_media":0,"parent":0,"menu_order":0,"comment_status":"closed","ping_status":"closed","template":"","meta":{"footnotes":""},"class_list":["post-86","page","type-page","status-publish","czr-hentry"],"_links":{"self":[{"href":"https:\/\/silberland-sondermaschinen.de\/1\/index.php\/wp-json\/wp\/v2\/pages\/86","targetHints":{"allow":["GET"]}}],"collection":[{"href":"https:\/\/silberland-sondermaschinen.de\/1\/index.php\/wp-json\/wp\/v2\/pages"}],"about":[{"href":"https:\/\/silberland-sondermaschinen.de\/1\/index.php\/wp-json\/wp\/v2\/types\/page"}],"author":[{"embeddable":true,"href":"https:\/\/silberland-sondermaschinen.de\/1\/index.php\/wp-json\/wp\/v2\/users\/1"}],"replies":[{"embeddable":true,"href":"https:\/\/silberland-sondermaschinen.de\/1\/index.php\/wp-json\/wp\/v2\/comments?post=86"}],"version-history":[{"count":11,"href":"https:\/\/silberland-sondermaschinen.de\/1\/index.php\/wp-json\/wp\/v2\/pages\/86\/revisions"}],"predecessor-version":[{"id":335,"href":"https:\/\/silberland-sondermaschinen.de\/1\/index.php\/wp-json\/wp\/v2\/pages\/86\/revisions\/335"}],"wp:attachment":[{"href":"https:\/\/silberland-sondermaschinen.de\/1\/index.php\/wp-json\/wp\/v2\/media?parent=86"}],"curies":[{"name":"wp","href":"https:\/\/api.w.org\/{rel}","templated":true}]}}